{"id":127,"date":"2014-01-26T23:26:53","date_gmt":"2014-01-26T21:26:53","guid":{"rendered":"http:\/\/www.artgerecht-tierschutz.com\/?page_id=127"},"modified":"2021-12-15T21:29:53","modified_gmt":"2021-12-15T19:29:53","slug":"mithilfe","status":"publish","type":"page","link":"https:\/\/www.artgerecht-tierschutz.com\/?page_id=127","title":{"rendered":"Mithilfe"},"content":{"rendered":"<h1>Liebe Tierfreunde,<\/h1>\n<p>wenn Sie hier auf dieser Seite gelandet seid, dann sind wir dar\u00fcber sehr gl\u00fccklich \u2013 denn Sie wollen etwas tun! \ud83d\udc4d<\/p>\n<p>Unterst\u00fctzen k\u00f6nnen Sie unseren Verein auf viele verschiedene Weisen. Ein paar Beispiele, wie und wo Sie uns unterst\u00fctzen k\u00f6nnen, finden Sie hier. Falls Sie auf eine andere Art und Weise helfen k\u00f6nnt, setzen Sie sich gerne direkt mit uns in Verbindung: <a href=\"mailto:info@artgerecht-tierschutz.com\">info@artgerecht-tierschutz.com<\/a><\/p>\n<h1><a href=\"#geldspenden\"><span style=\"color: #333300;\"><img loading=\"lazy\" decoding=\"async\" class=\"alignleft\" src=\"https:\/\/www.artgerecht-tierschutz.com\/wp-content\/mithilfe\/geldspenden.jpg\" alt=\"\" width=\"175\" height=\"49\"><\/span><\/a><span style=\"color: #333300;\"><a href=\"#sachspenden\"><img loading=\"lazy\" decoding=\"async\" class=\"alignleft\" src=\"https:\/\/www.artgerecht-tierschutz.com\/wp-content\/mithilfe\/sachspenden.jpg\" alt=\"\" width=\"175\" height=\"49\"><\/a><\/span><a href=\"#sammelstellen\"><span style=\"color: #333300;\"><img loading=\"lazy\" decoding=\"async\" class=\"alignleft\" src=\"https:\/\/www.artgerecht-tierschutz.com\/wp-content\/mithilfe\/sammelstellen.jpg\" alt=\"\" width=\"175\" height=\"49\"><\/span><\/a><\/h1>\n<p>&nbsp;<br \/>\n&nbsp;<br \/>\n&nbsp;<\/p>\n<h1><a href=\"#tierpatenschaften\"><span style=\"color: #333300;\"><img loading=\"lazy\" decoding=\"async\" class=\"alignleft\" src=\"https:\/\/www.artgerecht-tierschutz.com\/wp-content\/mithilfe\/tierpatenschaften.jpg\" alt=\"\" width=\"175\" height=\"49\"><\/span><\/a><a href=\"#mitgliedschaft\"><span style=\"color: #333300;\"><img loading=\"lazy\" decoding=\"async\" class=\"alignleft\" src=\"https:\/\/www.artgerecht-tierschutz.com\/wp-content\/mithilfe\/mitgliedschaft.jpg\" alt=\"\" width=\"175\" height=\"49\"><\/span><\/a><a href=\"#steckbriefverteiler\"><span style=\"color: #333300;\"><img loading=\"lazy\" decoding=\"async\" class=\"alignleft\" src=\"https:\/\/www.artgerecht-tierschutz.com\/wp-content\/mithilfe\/steckbriefverteiler.jpg\" alt=\"\" width=\"175\" height=\"49\"><\/span><\/a><\/h1>\n<p>&nbsp;<\/p>\n<h1>&nbsp;<\/h1>\n<h1 id=\"geldspenden\"><span style=\"color: #333300;\">Geldspenden<\/span><\/h1>\n<p><span style=\"color: #000000;\">Kleinvieh macht auch Mist! Und das wissen wir nur zur Gute.<\/span><\/p>\n<p>Mit Ihrer finanziellen Unterst\u00fctzung \u2013 egal ob 5 Euro oder 50 Euro \u2013 ist das Ihr Auftrag an uns, Tieren zu helfen. Unser Verein finanziert seine unverzichtbare Arbeit ausschlie\u00dflich mithilfe von Spenden und Mitgliedsbeitr\u00e4gen. Wir erhalten keine Unterst\u00fctzung von \u00f6ffentlicher Seite.&nbsp;<\/p>\n<p><strong>Wir sind berechtigt Zuwendungsbest\u00e4tigungen (Spendenquittungen) auszustellen, daf\u00fcr ben\u00f6tigen wir aber unbedingt die Adresse der Spenderin \/ des Spenders.&nbsp;<\/strong><\/p>\n<p>Sie haben unterschiedliche M\u00f6glichkeiten Ihre Spende bei uns zu platzieren:<\/p>\n<p><strong>Bankverbindung:<br \/>\n<\/strong><span style=\"color: #333300;\"><strong>ART<span style=\"color: #800000;\">GERECHT<\/span> TIERSCHUTZ E.V.<\/strong><\/span><br \/>\nVolksbank Dreieich<br \/>\nIBAN DE34 5059 2200 0004 8023 57<br \/>\nBIC GENODE51DRE<\/p>\n<p><span style=\"color: #ffffff;\">.<\/span><span style=\"color: #ffffff;\">.<\/span><\/p>\n<p data-wp-editing=\"1\"><a href=\"https:\/\/www.gooding.de\/donation\/artgerecht-tierschutz-e-v-3901\" target=\"_blank\" rel=\"noopener\"><img loading=\"lazy\" decoding=\"async\" class=\"alignleft\" src=\"https:\/\/www.artgerecht-tierschutz.com\/wp-content\/mithilfe\/givio-retina-logo.png\" alt=\"\" width=\"265\" height=\"86\"><\/a><span style=\"color: #ffffff;\"><a href=\"https:\/\/www.spendenportal.de\/projekte\/projekt\/10104\" target=\"_blank\" rel=\"noopener\"><img loading=\"lazy\" decoding=\"async\" class=\"alignleft\" src=\"https:\/\/www.artgerecht-tierschutz.com\/wp-content\/mithilfe\/spbutt01.jpg\" alt=\"\" width=\"108\" height=\"89\"><\/a>.<\/span><span style=\"color: #ffffff;\">.<\/span><img loading=\"lazy\" decoding=\"async\" id=\"donate-button\" class=\"\" style=\"cursor: pointer;\" title=\"PayPal - The safer, easier way to pay online!\" src=\"https:\/\/pics.paypal.com\/00\/s\/ODU0ZTlkOWYtY2UxMi00Yjc5LWExNjgtY2E4NzQ3Y2FlOTZh\/file.PNG\" alt=\"Spenden mit dem PayPal-Button\" width=\"176\" height=\"108\"><\/p>\n<p data-wp-editing=\"1\">&nbsp;<\/p>\n<p><span style=\"color: #ffffff;\"><img loading=\"lazy\" decoding=\"async\" class=\"alignleft\" src=\"https:\/\/www.artgerecht-tierschutz.com\/wp-content\/mithilfe\/next.jpg\" alt=\"\" width=\"728\" height=\"4\"><\/span><\/p>\n<h1 id=\"sachspenden\">Sachspenden<\/h1>\n<p>Um unsere finanziellen Mittel nicht auszureizen, sind wir auch auf Sachsependen angewiesen bzw. freuen uns, wenn gro\u00dfherzige Menschen mit uns teilen.<\/p>\n<p><span style=\"color: #800000;\"><strong>\u26a0\ufe0f\u26a0\ufe0f\u26a0\ufe0f Wichtiger Hinweis: <\/strong><\/span>Leider kommt es auch oft vor, dass wir Spenden erhalten, die \u2013 wie soll man sagen \u2013 einfach &#8222;nicht sch\u00f6n&#8220; sind. Wir bitten also davon abzusehen, uns mit Spenden zu beschenken, die verunreinigt oder besch\u00e4digt sind und somit auch ein Verletzungsrisiko f\u00fcr die Tiere darstellen. Und bitte spenden Sie keine Gegenst\u00e4nde, die zuvor mit Tieren in Kontakt waren, die eine ansteckende Krankheit hatten. \u26a0\ufe0f\u26a0\ufe0f\u26a0\ufe0f<\/p>\n<h2><span style=\"color: #800000;\">Was wir uns w\u00fcnschen:<\/span><\/h2>\n\n<table id=\"tablepress-54\" class=\"tablepress tablepress-id-54\">\n<thead>\n<tr class=\"row-1\">\n\t<th class=\"column-1\">Kleintiere<\/th><th class=\"column-2\">Katzen<\/th><th class=\"column-3\">Hunde<\/th><th class=\"column-4\">Sonstiges<\/th>\n<\/tr>\n<\/thead>\n<tbody class=\"row-hover\">\n<tr class=\"row-2\">\n\t<td class=\"column-1\">Heu<\/td><td class=\"column-2\">Nassfutter<\/td><td class=\"column-3\">Nassfutter<\/td><td class=\"column-4\">Infrarot W\u00e4rmelampe <br \/>\nf\u00fcr den Au\u00dfenbereich<\/td>\n<\/tr>\n<tr class=\"row-3\">\n\t<td class=\"column-1\">Stroh<\/td><td class=\"column-2\">Katzenstreu<\/td><td class=\"column-3\">Trockenfutter<\/td><td class=\"column-4\">waschbare Flickenteppiche<\/td>\n<\/tr>\n<tr class=\"row-4\">\n\t<td class=\"column-1\">getrocknete Kr\u00e4uter<\/td><td class=\"column-2\">gut erhaltene Kratzb\u00e4ume<\/td><td class=\"column-3\">Halsb\u00e4nder<\/td><td class=\"column-4\">W\u00e4rmematten\/-kissen<\/td>\n<\/tr>\n<tr class=\"row-5\">\n\t<td class=\"column-1\">Saaten<\/td><td class=\"column-2\">waschbare Kuschelh\u00f6hlen<\/td><td class=\"column-3\">Leinen<\/td><td class=\"column-4\">Songmics Regale<\/td>\n<\/tr>\n<tr class=\"row-6\">\n\t<td class=\"column-1\">Einstreu<\/td><td class=\"column-2\"><\/td><td class=\"column-3\">Geschirre<\/td><td class=\"column-4\">Bettlaken<\/td>\n<\/tr>\n<tr class=\"row-7\">\n\t<td class=\"column-1\">H\u00e4uschen<\/td><td class=\"column-2\"><\/td><td class=\"column-3\"><\/td><td class=\"column-4\">Handt\u00fccher<\/td>\n<\/tr>\n<tr class=\"row-8\">\n\t<td class=\"column-1\">Critical Care<\/td><td class=\"column-2\"><\/td><td class=\"column-3\"><\/td><td class=\"column-4\"><\/td>\n<\/tr>\n<\/tbody>\n<\/table>\n<!-- #tablepress-54 from cache -->\n<p><strong>Was wir nicht gebrauchen k\u00f6nnen:<\/strong> Teppiche, Matratzen, Spannbett\u00fccher<br \/>\n<a id=\"sammel\"><\/a><\/p>\n<p>&nbsp;<\/p>\n<p><span style=\"color: #ffffff;\"><img loading=\"lazy\" decoding=\"async\" class=\"alignleft\" src=\"https:\/\/www.artgerecht-tierschutz.com\/wp-content\/mithilfe\/next.jpg\" alt=\"\" width=\"728\" height=\"4\"><\/span><\/p>\n<h1 id=\"sammelstellen\"><span style=\"color: #333300;\">Sammelstellen:<\/span><\/h1>\n<p><span style=\"color: #800000;\"><strong>Wichtiger Hinweis:<\/strong><\/span> Bitte kontaktieren Sie die jeweilige Sammelstelle zun\u00e4chst per E-Mail oder telefonisch. Auf Grund der aktuellen Situation halten Sie bei der \u00dcbergabe bitte ausreichend Abstand und tragen Sie einen Nasen-Mund-Schutz. Vielen Dank f\u00fcr Ihr Verst\u00e4ndnis!<\/p>\n<p><strong>Dreieich<br \/>\n<\/strong>\ud83d\udce6 <span style=\"font-size: 13px;\">Alpenstra\u00dfe, G\u00f6tzenhain, <\/span><a style=\"font-size: 13px;\" href=\"mailto:ursin.gunzelmann@artgerecht-tierschutz.com\">ursin.gunzelmann@artgerecht-tierschutz.com<\/a><br \/>\n\ud83d\udce6 <span style=\"font-size: 13px;\">Herrnr\u00f6ther Stra\u00dfe, Sprendlingen, 06103\/2002782<br \/>\n<\/span>\ud83d\udce6 Bergstra\u00dfe, Offenthal, <a href=\"mailto:kh@viele-tiere.de\">kh@viele-tiere.de<\/a><\/p>\n<p><strong>Bruchk\u00f6bel<br \/>\n<\/strong>\ud83d\udce6 Diebacher Stra\u00dfe, <a href=\"mailto:maria.runzer@artgerecht-tierschutz.com\">maria.runzer@artgerecht-tierschutz.com<\/a>, 06183\/2096963<\/p>\n<p><strong>Gro\u00df-Gerau<br \/>\n<\/strong>\ud83d\udce6 Rennbruckenstra\u00dfe, Wallerst\u00e4dten, <a href=\"mailto:sonja.stefan@artgerecht-tierschutz.com\">sonja.stefan@artgerecht-tierschutz.com<\/a>, 01515\/0533070<\/p>\n<p><strong>Langen (Hessen)<br \/>\n<\/strong>\ud83d\udce6 Taunusstra\u00dfe, 0177\/3786839<\/p>\n<p><strong>M\u00fcnster (Hessen)<br \/>\n<\/strong>\ud83d\udce6 <span style=\"font-size: 13px;\">Buchenweg, 0177\/2672089<\/span><\/p>\n<p><strong>Neu-Isenburg<br \/>\n<\/strong>\ud83d\udce6 <span style=\"font-size: 13px;\">Bahnhofstra\u00dfe, <\/span><a style=\"font-size: 13px;\" href=\"mailto:sue.boniecki@web.de\">sue.boniecki@web.de<\/a><\/p>\n<p>Sollten Sie nicht die M\u00f6glichkeit haben, uns Ihre Spende vorbeizubringen, dann melden Sie sich gerne telefonisch unter <strong>06103 9887643<\/strong><\/p>\n<p>&nbsp;<\/p>\n<p><span style=\"color: #ffffff;\"><img loading=\"lazy\" decoding=\"async\" class=\"alignleft\" src=\"https:\/\/www.artgerecht-tierschutz.com\/wp-content\/mithilfe\/next.jpg\" alt=\"\" width=\"728\" height=\"4\"><\/span><\/p>\n<h1 id=\"tierpatenschaften\">Tierpatenschaften<\/h1>\n<p>Unser Ziel ist es, in Not geratenen Tieren zu helfen und sie so schnell wie m\u00f6glich in ein liebevolles, neues Zuhause zu vermitteln. Leider gelingt uns das nicht immer, denn eine Ausnahme bilden jene Tiere, die wegen ihres Alters, chro\u00adnischer Krankheiten oder unerw\u00fcnschter Verhaltensweisen (oft aufgrund psychischer Sch\u00e4den durch ihr Schicksal) kein neues Zuhause finden k\u00f6nnen.<\/p>\n<p>Diese Tiere haben wir in Pflegestellen auf Lebenszeit untergebracht. Um die Unterhaltskosten tragen zu k\u00f6nnen, bitten wir Sie um Hilfe! <span style=\"color: #333300;\"><strong>ART<span style=\"color: #800000;\">GERECHT<\/span> TIERSCHUTZ E.V.<\/strong><\/span> finanziert sich ausschlie\u00dflich aus Spenden und Mit\u00adglieds\u00adbei\u00adtr\u00e4gen. Daher suchen wir tierliebe Menschen, die die Versorgung und Pflege dieser Tiere mit einer Patenschaft unter\u00adst\u00fctzen.<\/p>\n<p><span style=\"color: #800000;\"><strong>Als Pate helfen Sie uns zu helfen!<\/strong><\/span><\/p>\n<p>Entscheiden Sie selbst, welches Tier Sie mit einer Patenschaft unterst\u00fctzen m\u00f6chten. Als Anerkennung erhalten Sie von uns eine Pa\u00adten\u00adschaft\u00adsurkunde. Sie k\u00f6nnen eine Patenschaft auch verschenken. <strong>Der monatliche Mindestbeitrag betr\u00e4gt 5 Euro.<\/strong> Die Pa\u00adten\u00adschafts\u00adspende kann steuerlich geltend gemacht werden. Die Patenschaft endet mit Ihrer K\u00fcndigung oder mit dem Tod des Tieres.<\/p>\n<p><a href=\"https:\/\/www.artgerecht-tierschutz.com\/?page_id=105\" target=\"_blank\" rel=\"noopener noreferrer\">Hier<\/a> gelangen Sie zur \u00dcbersicht der Tiere, die momentan eine Patin, einen Paten suchen.<br \/>\n<!--\n<a href=\"https:\/\/artgerecht-tierschutz.com\/wp-content\/mithilfe\/Patenschaftsantrag.pdf\" target=\"_blank\" rel=\"noopener noreferrer\">Einen Patenschaftsantrag k\u00f6nnen Sie hier einsehen und ausdrucken.<\/a>\n--><br \/>\nF\u00fcr weitere Fragen stehen wir gerne zur Verf\u00fcgung. Sie erreichen uns telefonisch unter 06103 9887643.<\/p>\n<p>&nbsp;<\/p>\n<p><span style=\"color: #ffffff;\"><img loading=\"lazy\" decoding=\"async\" class=\"alignleft\" src=\"https:\/\/www.artgerecht-tierschutz.com\/wp-content\/mithilfe\/next.jpg\" alt=\"\" width=\"728\" height=\"4\"><\/span><\/p>\n<h1 id=\"mitgliedschaft\"><span style=\"color: #ffffff;\"><span style=\"color: #404040; font-family: Georgia, 'Times New Roman', serif; font-size: 34px;\">Mitgliedschaft<\/span><\/span><\/h1>\n<p>Wenn Sie unsere Tierschutzarbeit unterst\u00fctzen m\u00f6chten, werden Sie Mitglied! Ihr regelm\u00e4\u00dfiger Mitgliedsbeitrag erlaubt es uns, planungssicher zu arbeiten und so k\u00f6nnen wir auf effektive Weise das Leben vieler Tiere retten und verbessern.<\/p>\n<p><strong>Den Antrag f\u00fcr eine Mitgliedschaft finden Sie hier: <a href=\"https:\/\/www.artgerecht-tierschutz.com\/wp-content\/mithilfe\/Antrag auf Mitgliedschaft_08_2019_1.pdf\" target=\"_blank\" rel=\"noopener noreferrer\"> MITGLIEDSANTRAG<\/a><\/strong><\/p>\n<p>Sie k\u00f6nnen entscheiden, ob Sie <span style=\"color: #800000;\">aktives<\/span> oder <span style=\"color: #800000;\">passives<\/span> Mitglied werden wollt. Der Mindestbeitrag f\u00fcr unsere Mitglieder betr\u00e4gt 36 Euro im Jahr. <strong>Das sind 3 Euro im Monat.<\/strong> Jugendliche bis 18 Jahre zahlen 18 Euro im Jahr.<\/p>\n<p>&nbsp;<\/p>\n<p><span style=\"color: #ffffff;\"><img loading=\"lazy\" decoding=\"async\" class=\"alignleft\" src=\"https:\/\/www.artgerecht-tierschutz.com\/wp-content\/mithilfe\/next.jpg\" alt=\"\" width=\"728\" height=\"4\"><\/span><\/p>\n<h1 id=\"steckbriefverteiler\"><span style=\"color: #333300;\">Steckbrief-Verteiler<\/span><\/h1>\n<p>Jedes Tier, f\u00fcr das wir ein neues Zuhause suchen, erh\u00e4lt einen \u201eSteckbrief\u201c mit allen wichtigen Daten f\u00fcr ein erstes Ken\u00adnen\u00adlernen. Zus\u00e4tzlich sind diese Steckbriefe als PDF-Datei hinterlegt und k\u00f6nnen somit heruntergeladen und ausgedruckt werden. Helfen Sie uns bitte, diese im Rhein-Main-Gebiet zu verteilen. Es gibt viele M\u00f6glichkeiten zum Auslegen und An\u00adh\u00e4n\u00adgen, zum Beispiel eignen sich alle Schwarzen Bretter am Arbeitsplatz, in Tierarztpraxen, Tierfutter- und Su\u00adper\u00adm\u00e4rk\u00adten, Sport-, Fitness- und Tanzstudios, Gastst\u00e4tten, Bistros, Caf\u00e9s, Schaufenster oder die Theke beim Friseur, beim B\u00e4cker, im Schreibwarenladen\u2026 Bestimmt fallen Ihnen noch ein paar mehr ein. Herzlichen Dank f\u00fcr Ihre Unterst\u00fctzung!<\/p>\n<p>Wenn Sie in unseren Steckbrief-Verteiler aufgenommen werden m\u00f6chten, dann schicken Sie uns bitte ein Mail an <a href=\"mailto:info@artgerecht-tierschutz.com\">info@artgerecht-tierschutz.com<\/a><\/p>\n<p><img loading=\"lazy\" decoding=\"async\" class=\"alignleft\" src=\"https:\/\/www.artgerecht-tierschutz.com\/wp-content\/mithilfe\/steckbrief-beispiel.jpg\" alt=\"\" width=\"691\" height=\"456\"><\/p>\n","protected":false},"excerpt":{"rendered":"<p>Liebe Tierfreunde, wenn Sie hier auf dieser Seite gelandet seid, dann sind wir dar\u00fcber sehr gl\u00fccklich \u2013 denn Sie wollen etwas tun! \ud83d\udc4d Unterst\u00fctzen k\u00f6nnen Sie unseren Verein auf viele verschiedene Weisen. Ein paar Beispiele, wie und wo Sie uns unterst\u00fctzen k\u00f6nnen, finden Sie hier. Falls Sie auf eine andere Art und Weise helfen k\u00f6nnt,&hellip;<\/p>\n","protected":false},"author":1,"featured_media":0,"parent":0,"menu_order":0,"comment_status":"closed","ping_status":"closed","template":"","meta":{"ngg_post_thumbnail":0,"footnotes":""},"class_list":["post-127","page","type-page","status-publish","hentry"],"_links":{"self":[{"href":"https:\/\/www.artgerecht-tierschutz.com\/index.php?rest_route=\/wp\/v2\/pages\/127","targetHints":{"allow":["GET"]}}],"collection":[{"href":"https:\/\/www.artgerecht-tierschutz.com\/index.php?rest_route=\/wp\/v2\/pages"}],"about":[{"href":"https:\/\/www.artgerecht-tierschutz.com\/index.php?rest_route=\/wp\/v2\/types\/page"}],"author":[{"embeddable":true,"href":"https:\/\/www.artgerecht-tierschutz.com\/index.php?rest_route=\/wp\/v2\/users\/1"}],"replies":[{"embeddable":true,"href":"https:\/\/www.artgerecht-tierschutz.com\/index.php?rest_route=%2Fwp%2Fv2%2Fcomments&post=127"}],"version-history":[{"count":111,"href":"https:\/\/www.artgerecht-tierschutz.com\/index.php?rest_route=\/wp\/v2\/pages\/127\/revisions"}],"predecessor-version":[{"id":11736,"href":"https:\/\/www.artgerecht-tierschutz.com\/index.php?rest_route=\/wp\/v2\/pages\/127\/revisions\/11736"}],"wp:attachment":[{"href":"https:\/\/www.artgerecht-tierschutz.com\/index.php?rest_route=%2Fwp%2Fv2%2Fmedia&parent=127"}],"curies":[{"name":"wp","href":"https:\/\/api.w.org\/{rel}","templated":true}]}}