{"id":184,"date":"2014-01-26T23:26:30","date_gmt":"2014-01-26T21:26:30","guid":{"rendered":"http:\/\/www.artgerecht-tierschutz.com\/?page_id=184"},"modified":"2026-01-08T14:33:09","modified_gmt":"2026-01-08T12:33:09","slug":"zuhause","status":"publish","type":"page","link":"https:\/\/www.artgerecht-tierschutz.com\/?page_id=184","title":{"rendered":"Zuhause gesucht"},"content":{"rendered":"<p><img loading=\"lazy\" decoding=\"async\" class=\"alignleft\" src=\"https:\/\/www.artgerecht-tierschutz.com\/wp-content\/zuhause\/next.jpg\" alt=\"\" width=\"728\" height=\"4\"><\/p>\n<h2><span style=\"color: #800000;\">Hier noch ein Hinweis zu unseren Steckbriefen!<\/span><\/h2>\n<p>Jedes Tier, f\u00fcr das wir ein neues Zuhause suchen, erh\u00e4lt einen \u201eSteckbrief\u201c mit allen wichtigen Daten f\u00fcr ein erstes Kennenlernen. Zus\u00e4tzlich sind diese Steckbriefe als PDF-Datei auf unserer Homepage (www.artgerecht-tierschutz.com) hinterlegt und k\u00f6nnen somit heruntergeladen und ausgedruckt werden. Helfen Sie uns bitte, diese im Rhein-Main-Gebiet zu verteilen. Es gibt viele M\u00f6glichkeiten zum Auslegen und Anh\u00e4ngen, zum Beispiel eignen sich alle Schwarzen Bretter am Arbeitsplatz, in Tierarztpraxen, Tierfutter- und Superm\u00e4rkten, Sport-, Fitness- und Tanzstudios, Gastst\u00e4tten, Bistros, Caf\u00e9s, Schaufenster oder die Theke beim Friseur, beim B\u00e4cker, im Schreibwarenladen\u2026 Bestimmt fallen Ihnen noch ein paar mehr ein. Herzlichen Dank f\u00fcr Ihre Unterst\u00fctzung!<\/p>\n<p><img loading=\"lazy\" decoding=\"async\" class=\"alignleft\" src=\"https:\/\/www.artgerecht-tierschutz.com\/wp-content\/mithilfe\/steckbrief-beispiel.jpg\" alt=\"\" width=\"691\" height=\"456\"><\/p>\n","protected":false},"excerpt":{"rendered":"<p>Hier noch ein Hinweis zu unseren Steckbriefen! Jedes Tier, f\u00fcr das wir ein neues Zuhause suchen, erh\u00e4lt einen \u201eSteckbrief\u201c mit allen wichtigen Daten f\u00fcr ein erstes Kennenlernen. Zus\u00e4tzlich sind diese Steckbriefe als PDF-Datei auf unserer Homepage (www.artgerecht-tierschutz.com) hinterlegt und k\u00f6nnen somit heruntergeladen und ausgedruckt werden. Helfen Sie uns bitte, diese im Rhein-Main-Gebiet zu verteilen. Es&hellip;<\/p>\n","protected":false},"author":1,"featured_media":0,"parent":0,"menu_order":0,"comment_status":"closed","ping_status":"closed","template":"","meta":{"ngg_post_thumbnail":0,"footnotes":""},"class_list":["post-184","page","type-page","status-publish","hentry"],"_links":{"self":[{"href":"https:\/\/www.artgerecht-tierschutz.com\/index.php?rest_route=\/wp\/v2\/pages\/184","targetHints":{"allow":["GET"]}}],"collection":[{"href":"https:\/\/www.artgerecht-tierschutz.com\/index.php?rest_route=\/wp\/v2\/pages"}],"about":[{"href":"https:\/\/www.artgerecht-tierschutz.com\/index.php?rest_route=\/wp\/v2\/types\/page"}],"author":[{"embeddable":true,"href":"https:\/\/www.artgerecht-tierschutz.com\/index.php?rest_route=\/wp\/v2\/users\/1"}],"replies":[{"embeddable":true,"href":"https:\/\/www.artgerecht-tierschutz.com\/index.php?rest_route=%2Fwp%2Fv2%2Fcomments&post=184"}],"version-history":[{"count":13,"href":"https:\/\/www.artgerecht-tierschutz.com\/index.php?rest_route=\/wp\/v2\/pages\/184\/revisions"}],"predecessor-version":[{"id":13593,"href":"https:\/\/www.artgerecht-tierschutz.com\/index.php?rest_route=\/wp\/v2\/pages\/184\/revisions\/13593"}],"wp:attachment":[{"href":"https:\/\/www.artgerecht-tierschutz.com\/index.php?rest_route=%2Fwp%2Fv2%2Fmedia&parent=184"}],"curies":[{"name":"wp","href":"https:\/\/api.w.org\/{rel}","templated":true}]}}