{"id":2,"date":"2013-10-31T14:55:55","date_gmt":"2013-10-31T14:55:55","guid":{"rendered":"http:\/\/www.artgerecht-tierschutz.com\/?page_id=2"},"modified":"2018-09-08T22:13:42","modified_gmt":"2018-09-08T20:13:42","slug":"beispiel-seite","status":"publish","type":"page","link":"https:\/\/www.artgerecht-tierschutz.com\/?page_id=2","title":{"rendered":"Unsere ART"},"content":{"rendered":"<p>art|ge|recht [Adj. ; Bio.] einer Tierart gerecht werdend<\/p>\n<p>&nbsp;<\/p>\n<h2><span style=\"color: #99cc00;\"><strong>\u00dcber unsere Art und Weise<\/strong><\/span><\/h2>\n<p>Unser Verein k\u00e4mpft f\u00fcr die Rechte der Tiere und insbesondere deren artgerechte Haltung. Darunter verstehen wir eine Form der Tierhaltung, die sich an den nat\u00fcrlichen Lebensbedingungen der Tiere orientiert.<\/p>\n<p>Einen wesentlichen Bestandteil unserer Vereinsarbeit sehen wir in der Kooperation mit anderen Tierschutzvereinen und -initiativen. Wir arbeiten in einem Netzwerk, welches sich gegenseitig unterst\u00fctzt. Die Kr\u00e4fte b\u00fcndeln, gemeinsam an einem Strang ziehen, voneinander lernen und miteinander arbeiten.<br \/>\nGemeinsam sind wir stark!<\/p>\n<p>&nbsp;<\/p>\n<h2><span style=\"color: #99cc00;\"><strong>Unsere Ziele<\/strong><\/span><\/h2>\n<ul>\n<li>Hilfe bei nicht artgerechter Haltung und Misshandlungen gegen\u00fcber Tieren, auch \u00fcberregional und aus dem Ausland &#8211; denn Tierschutz kennt keine Grenzen.<br \/>\n<\/p>\n<li>Aufkl\u00e4rung\u00a0 statt Katzenjammer. Besonders am Herzen liegen uns die Weitergabe von Informationen zur art&shy;ge&shy;rechten Tierhaltung. Vor der Anschaffung eines Haustieres beraten wir Sie umfassend, welches Tier am besten zu Ihren pers\u00f6nlichen Lebensumst\u00e4nden passt.<br \/>\n<\/p>\n<li>Unterbringung und Vermittlung von Tieren, die durch Missbrauch oder Qu\u00e4lerei gezeichnet sind oder aus anderen Gr\u00fcnden ihr Heim verloren haben.<br \/>\n<\/p>\n<li>Mit Rat und Tat m\u00f6chten wir bei allen Problemen rund um das Tier zur Seite stehen. Sei es, ob ein Tier abhanden gekommen oder krank ist, Verhaltensauff\u00e4lligkeiten zeigt oder der Tierhalter sich \u00fcberfordert sieht\n<\/li>\n<\/ul>\n<p>&nbsp;<\/p>\n<h2><span style=\"color: #99cc00;\"><strong>Ihre Hilfe<\/strong><\/span><\/h2>\n<p>Wir laden Sie ein, sich ebenfalls den vielf\u00e4ltigen Aufgaben des Tierschutzes zu stel&shy;len, sei es als aktives oder passives Mitglied.<\/p>\n<p>Wir ben\u00f6tigen helfende H\u00e4nde, da wir alle ehrenamtlich in unserer Freizeit neben unserem eigentlichen Beruf Tierschutz leisten.<\/p>\n<p>Ein besonderes Anliegen ist uns die Gewinnung von Tierfreunden, die sich zeitweise als Pflegestelle zur Verf\u00fcgung stellen. Das bedeutet, ein zur Vermittlung stehendes Tier vor\u00fcbergehend bei sich aufzunehmen, bis es in sein neues Zuhause kommt &#8211; eine wichtige Tierschutzarbeit, auf die wir dringend angewiesen sind.<\/p>\n<p>Ebenso freuen wir uns \u00fcber Paten, die\u00a0 uns bei der Behandlung chronisch kranker Tiere finanziell unterst\u00fctzen.<br \/>\nDes Weiteren hoffen wir\u00a0 nat\u00fcrlich auch auf Sponsoren unserer Tierschutzarbeit und sind\u00a0 jederzeit Anregungen gegen\u00fcber aufgeschlossen.<\/p>\n<p>&nbsp;<\/p>\n","protected":false},"excerpt":{"rendered":"<p>art|ge|recht [Adj. ; Bio.] einer Tierart gerecht werdend &nbsp; \u00dcber unsere Art und Weise Unser Verein k\u00e4mpft f\u00fcr die Rechte der Tiere und insbesondere deren artgerechte Haltung. Darunter verstehen wir eine Form der Tierhaltung, die sich an den nat\u00fcrlichen Lebensbedingungen der Tiere orientiert. Einen wesentlichen Bestandteil unserer Vereinsarbeit sehen wir in der Kooperation mit anderen&hellip;<\/p>\n","protected":false},"author":1,"featured_media":0,"parent":0,"menu_order":0,"comment_status":"closed","ping_status":"closed","template":"","meta":{"ngg_post_thumbnail":0,"footnotes":""},"class_list":["post-2","page","type-page","status-publish","hentry"],"_links":{"self":[{"href":"https:\/\/www.artgerecht-tierschutz.com\/index.php?rest_route=\/wp\/v2\/pages\/2","targetHints":{"allow":["GET"]}}],"collection":[{"href":"https:\/\/www.artgerecht-tierschutz.com\/index.php?rest_route=\/wp\/v2\/pages"}],"about":[{"href":"https:\/\/www.artgerecht-tierschutz.com\/index.php?rest_route=\/wp\/v2\/types\/page"}],"author":[{"embeddable":true,"href":"https:\/\/www.artgerecht-tierschutz.com\/index.php?rest_route=\/wp\/v2\/users\/1"}],"replies":[{"embeddable":true,"href":"https:\/\/www.artgerecht-tierschutz.com\/index.php?rest_route=%2Fwp%2Fv2%2Fcomments&post=2"}],"version-history":[{"count":5,"href":"https:\/\/www.artgerecht-tierschutz.com\/index.php?rest_route=\/wp\/v2\/pages\/2\/revisions"}],"predecessor-version":[{"id":9071,"href":"https:\/\/www.artgerecht-tierschutz.com\/index.php?rest_route=\/wp\/v2\/pages\/2\/revisions\/9071"}],"wp:attachment":[{"href":"https:\/\/www.artgerecht-tierschutz.com\/index.php?rest_route=%2Fwp%2Fv2%2Fmedia&parent=2"}],"curies":[{"name":"wp","href":"https:\/\/api.w.org\/{rel}","templated":true}]}}