{"id":2284,"date":"2015-03-25T16:53:45","date_gmt":"2015-03-25T14:53:45","guid":{"rendered":"http:\/\/www.artgerecht-tierschutz.com\/?page_id=2284"},"modified":"2025-11-26T19:29:53","modified_gmt":"2025-11-26T17:29:53","slug":"gesundheits-partner","status":"publish","type":"page","link":"https:\/\/www.artgerecht-tierschutz.com\/?page_id=2284","title":{"rendered":"Gesundheits-Partner"},"content":{"rendered":"<p><span style=\"color: olive;\"> <strong>Hier eine \u00dcbersicht von Tier\u00e4rzten, Tierheilpraktikern und Tierphysiotherapeuten die uns bei unserer Arbeit immer sehr gut unterst\u00fctzen.<\/strong><\/span><\/p>\n<p><b>Tierarztpraxis Vet Puls Dreieich<\/b><br \/>\nAugust-Bebel-Stra\u00dfe 51<br \/>\n63303 Dreieich<br \/>\nTelefon: 06103 &#8211; 62277<br \/>\nE-mail: info@vetpuls.de<br \/>\nInternet: <a href=\"https:\/\/www.vetpuls.de\/\" target=\"_blank\" rel=\"noopener noreferrer\">www.vetpuls.de\/<\/a><\/p>\n<p><!--\n\n\n\n<hr width=\" \">\n\n<b>Tierarztpraxis Cornelia Rossmanith<\/b>\nFrankfurter Stra\u00dfe 29-31\n63303 Dreieich\nTelefon: 06103 - 68824\nE-mail: praxis@corovet.de\nInternet: <a href=\"http:\/\/www.corovet.de\" target=\"_blank\" rel=\"noopener noreferrer\">www.corovet.de<\/a>  --><\/p>\n<hr width=\" \">\n<p><b>Tierarztpraxis Claudia Bauer<\/b><br \/>\nHainer Chaussee 86<br \/>\n63303 Dreieich-Dreieichenhain<br \/>\nTelefon: 06103 &#8211; 82626<br \/>\nInternet: <a href=\"https:\/\/tierarzt-claudiabauer.com\/\" target=\"_blank\" rel=\"noopener noreferrer\">www.tierarzt-claudiabauer.com<\/a><\/p>\n<hr width=\" \">\n<p><b>Tierheilpraxis Claudia Oehl<\/b><br \/>\nWilhelm- Busch-Weg 49<br \/>\n63303 Dreieich<br \/>\nTelefon: 06103 &#8211; 2027362<br \/>\nE-Mail: info@tierheilpraxis-oehl.de<br \/>\nInternet: <a href=\"https:\/\/www.tierheilpraxis-oehl.de\" target=\"_blank\" rel=\"noopener noreferrer\">www.tierheilpraxis-oehl.de<\/a><\/p>\n<hr width=\" \">\n<p><b>AniCura Tierklinik Egelsbach<\/b><br \/>\nBoschring 8<br \/>\n63329 Egelsbach<br \/>\nTelefon: 06103 &#8211; 24583<br \/>\nE-Mail: egelsbach@anicura.de<br \/>\nInternet: <a href=\"https:\/\/www.anicura.de\/standorte\/egelsbach\/\" target=\"_blank\" rel=\"noopener noreferrer\">www.anicura.de\/standorte\/egelsbach\/<\/a><\/p>\n<hr width=\" \">\n<p><b>Tierarztpraxis Rheinallee<\/b><br \/>\nTier\u00e4rzte IVC Evidensia GmbH<\/p>\n<p>Rheinallee 89<br \/>\n55118 Mainz<br \/>\nTelefon: 06131 &#8211; 6173585<br \/>\nE-Mail: kontakt@tierarztpraxis-rheinallee.de<br \/>\nInternet: <a href=\"https:\/\/www.tierarztpraxis-rheinallee.de\" target=\"_blank\" rel=\"noopener noreferrer\">www.tierarztpraxis-rheinallee.de<\/a><\/p>\n<p><img decoding=\"async\" src=\"https:\/\/www.artgerecht-tierschutz.com\/wp-content\/aktuelles\/next.jpg\" alt=\"\"><\/p>\n","protected":false},"excerpt":{"rendered":"<p>Hier eine \u00dcbersicht von Tier\u00e4rzten, Tierheilpraktikern und Tierphysiotherapeuten die uns bei unserer Arbeit immer sehr gut unterst\u00fctzen. Tierarztpraxis Vet Puls Dreieich August-Bebel-Stra\u00dfe 51 63303 Dreieich Telefon: 06103 &#8211; 62277 E-mail: info@vetpuls.de Internet: www.vetpuls.de\/ Tierarztpraxis Claudia Bauer Hainer Chaussee 86 63303 Dreieich-Dreieichenhain Telefon: 06103 &#8211; 82626 Internet: www.tierarzt-claudiabauer.com Tierheilpraxis Claudia Oehl Wilhelm- Busch-Weg 49 63303 Dreieich&hellip;<\/p>\n","protected":false},"author":2,"featured_media":0,"parent":2353,"menu_order":3,"comment_status":"closed","ping_status":"closed","template":"","meta":{"ngg_post_thumbnail":0,"footnotes":""},"class_list":["post-2284","page","type-page","status-publish","hentry"],"_links":{"self":[{"href":"https:\/\/www.artgerecht-tierschutz.com\/index.php?rest_route=\/wp\/v2\/pages\/2284","targetHints":{"allow":["GET"]}}],"collection":[{"href":"https:\/\/www.artgerecht-tierschutz.com\/index.php?rest_route=\/wp\/v2\/pages"}],"about":[{"href":"https:\/\/www.artgerecht-tierschutz.com\/index.php?rest_route=\/wp\/v2\/types\/page"}],"author":[{"embeddable":true,"href":"https:\/\/www.artgerecht-tierschutz.com\/index.php?rest_route=\/wp\/v2\/users\/2"}],"replies":[{"embeddable":true,"href":"https:\/\/www.artgerecht-tierschutz.com\/index.php?rest_route=%2Fwp%2Fv2%2Fcomments&post=2284"}],"version-history":[{"count":46,"href":"https:\/\/www.artgerecht-tierschutz.com\/index.php?rest_route=\/wp\/v2\/pages\/2284\/revisions"}],"predecessor-version":[{"id":13540,"href":"https:\/\/www.artgerecht-tierschutz.com\/index.php?rest_route=\/wp\/v2\/pages\/2284\/revisions\/13540"}],"up":[{"embeddable":true,"href":"https:\/\/www.artgerecht-tierschutz.com\/index.php?rest_route=\/wp\/v2\/pages\/2353"}],"wp:attachment":[{"href":"https:\/\/www.artgerecht-tierschutz.com\/index.php?rest_route=%2Fwp%2Fv2%2Fmedia&parent=2284"}],"curies":[{"name":"wp","href":"https:\/\/api.w.org\/{rel}","templated":true}]}}