{"id":440,"date":"2014-06-01T12:16:20","date_gmt":"2014-06-01T10:16:20","guid":{"rendered":"http:\/\/www.artgerecht-tierschutz.com\/?page_id=440"},"modified":"2023-09-14T12:54:05","modified_gmt":"2023-09-14T10:54:05","slug":"recht","status":"publish","type":"page","link":"https:\/\/www.artgerecht-tierschutz.com\/?page_id=440","title":{"rendered":"Recht"},"content":{"rendered":"<h2>neue Informationsquelle:<\/h2>\n<\/p>\n<p>Wir von <b>JuraForum.de<\/b> haben vor kurzem unseren Ratgeber zum Spezialthema \u201e<b>Tierschutz und Recht<\/b>\u201c ver\u00f6ffentlicht.<\/p>\n<p>Dort finden Sie Antworten auf \u00fcber 50 interessante Rechtsfragen mit Bezug zu Tieren, wie z.B.:<\/p>\n<p>* Welche Strafen gibt es bei Tierqu\u00e4lerei?<br \/>\n* Welche Impfungen sind bei Hunden Pflicht?<br \/>\n* Darf man Wespen t\u00f6ten?<br \/>\n* Einf\u00fchrung einer Kastrationspflicht f\u00fcr Katzen m\u00f6glich?<br \/>\n* Tiertransport in Deutschland: Wann ist dieser legal?<br \/>\n* Sind Tiere im rechtlichen Sinne nur Sachen?<br \/>\n* Darf ich mit dem Hund an der Leine Rad fahren?<br \/>\n* Was kann ich bei offensichtlicher Tierqu\u00e4lerei unternehmen?<br \/>\n* Wie lange besteht R\u00fcckgaberecht bei einem verloren gegangenem Tier?<br \/>\n* Wer zahlt die Rechnung, wenn ich ein verletztes Tier zum Arzt bringe?<br \/>\n* Wo darf ich Suchplakate f\u00fcr verschwundene Tiere anbringen?<br \/>\n* Wer haftet, wenn mein Hund einen Menschen bei\u00dft?<br \/>\n* Geh\u00f6rt ein Fundtier dem Finder?<br \/>\n* Wie sind die gesetzlichen Regelungen beim Import von Tieren?<\/p>\n<p>Den Ratgeber zum Spezialthema \u201e<b>Tierschutz und Recht<\/b>\u201c finden Sie hier:<br \/>\n<a target=_blank\" rel=\"external rel=\"noreferrer\" href=\"https:\/\/www.juraforum.de\/ratgeber\/tierschutz\/\">https:\/\/www.juraforum.de\/ratgeber\/tierschutz\/<\/a><\/p>\n<p><img decoding=\"async\" src=\"https:\/\/www.juraforum.de\/grafiken\/rechtsanwalt\/logo-juraforum.png\"><\/p>\n","protected":false},"excerpt":{"rendered":"<p>neue Informationsquelle: Wir von JuraForum.de haben vor kurzem unseren Ratgeber zum Spezialthema \u201eTierschutz und Recht\u201c ver\u00f6ffentlicht. Dort finden Sie Antworten auf \u00fcber 50 interessante Rechtsfragen mit Bezug zu Tieren, wie z.B.: * Welche Strafen gibt es bei Tierqu\u00e4lerei? * Welche Impfungen sind bei Hunden Pflicht? * Darf man Wespen t\u00f6ten? * Einf\u00fchrung einer Kastrationspflicht f\u00fcr&hellip;<\/p>\n","protected":false},"author":1,"featured_media":0,"parent":427,"menu_order":2,"comment_status":"closed","ping_status":"closed","template":"","meta":{"ngg_post_thumbnail":0,"footnotes":""},"class_list":["post-440","page","type-page","status-publish","hentry"],"_links":{"self":[{"href":"https:\/\/www.artgerecht-tierschutz.com\/index.php?rest_route=\/wp\/v2\/pages\/440","targetHints":{"allow":["GET"]}}],"collection":[{"href":"https:\/\/www.artgerecht-tierschutz.com\/index.php?rest_route=\/wp\/v2\/pages"}],"about":[{"href":"https:\/\/www.artgerecht-tierschutz.com\/index.php?rest_route=\/wp\/v2\/types\/page"}],"author":[{"embeddable":true,"href":"https:\/\/www.artgerecht-tierschutz.com\/index.php?rest_route=\/wp\/v2\/users\/1"}],"replies":[{"embeddable":true,"href":"https:\/\/www.artgerecht-tierschutz.com\/index.php?rest_route=%2Fwp%2Fv2%2Fcomments&post=440"}],"version-history":[{"count":4,"href":"https:\/\/www.artgerecht-tierschutz.com\/index.php?rest_route=\/wp\/v2\/pages\/440\/revisions"}],"predecessor-version":[{"id":12769,"href":"https:\/\/www.artgerecht-tierschutz.com\/index.php?rest_route=\/wp\/v2\/pages\/440\/revisions\/12769"}],"up":[{"embeddable":true,"href":"https:\/\/www.artgerecht-tierschutz.com\/index.php?rest_route=\/wp\/v2\/pages\/427"}],"wp:attachment":[{"href":"https:\/\/www.artgerecht-tierschutz.com\/index.php?rest_route=%2Fwp%2Fv2%2Fmedia&parent=440"}],"curies":[{"name":"wp","href":"https:\/\/api.w.org\/{rel}","templated":true}]}}